{"id":99,"date":"2016-12-27T17:57:02","date_gmt":"2016-12-27T16:57:02","guid":{"rendered":"http:\/\/www.travelclub.cz\/?page_id=99"},"modified":"2024-02-07T18:19:59","modified_gmt":"2024-02-07T17:19:59","slug":"portugalsko-27-5-3-6-2016","status":"publish","type":"page","link":"https:\/\/www.travelclub.cz\/?page_id=99","title":{"rendered":"PORTUGALSKO 27.5. &#8211; 3.6.2016"},"content":{"rendered":"<p><a href=\"https:\/\/www.travelclub.cz\/wp-content\/uploads\/2016\/12\/IMG_3465.jpg\"><img loading=\"lazy\" decoding=\"async\" class=\"alignnone size-medium wp-image-101\" src=\"https:\/\/www.travelclub.cz\/wp-content\/uploads\/2016\/12\/IMG_3465-200x300.jpg\" alt=\"\" width=\"200\" height=\"300\" srcset=\"https:\/\/www.travelclub.cz\/wp-content\/uploads\/2016\/12\/IMG_3465-200x300.jpg 200w, https:\/\/www.travelclub.cz\/wp-content\/uploads\/2016\/12\/IMG_3465-768x1152.jpg 768w, https:\/\/www.travelclub.cz\/wp-content\/uploads\/2016\/12\/IMG_3465-683x1024.jpg 683w\" sizes=\"auto, (max-width: 200px) 100vw, 200px\" \/><\/a><br \/>\nNa p\u0159elomu kv\u011btna a \u010dervna jsme p\u0159ipravili pro na\u0161e st\u00e1l\u00e9 klienty, skupinu milovn\u00edk\u016f gastronomie a dobr\u00e9ho v\u00edna, osmidenn\u00ed z\u00e1jezd do Portugalska.<br \/>\nLetecky do Porta, pronajat\u00fdm mikrobusem putov\u00e1n\u00ed po Portugalsku, zp\u011bt letecky do Prahy.<br \/>\nUbytov\u00e1n\u00ed v komfortn\u00edch hotel\u00edch v centru Porta, Coimbry a Lisabonu.&nbsp;Tradi\u010dn\u00ed portugalsk\u00e1 kuchyn\u011b.<br \/>\nVinn\u00e9 sklepy s portsk\u00fdm v\u00ednem v Portu, vina\u0159stv\u00ed Quinta do Vallado v Peso da Regua v \u00fadol\u00ed \u0159eky Douro.<br \/>\nProhl\u00eddky m\u011bst Porto, Aveiro, Coimbra, Peniche, Lisabon.<br \/>\nSkv\u011bl\u00e9 \u010desky a slovensky mluv\u00edc\u00ed pr\u016fvodkyn\u011b Martina a Alex, n\u00e1dhern\u00e9 po\u010das\u00ed.<br \/>\n\u00da\u010dastn\u00edci z\u00e1jezdu naprosto spokojeni.<\/p>\n<p><a href=\"https:\/\/www.travelclub.cz\/wp-content\/uploads\/2016\/12\/IMG_3875.jpg\"><img loading=\"lazy\" decoding=\"async\" class=\"size-medium wp-image-105 alignleft\" src=\"https:\/\/www.travelclub.cz\/wp-content\/uploads\/2016\/12\/IMG_3875-225x300.jpg\" alt=\"\" width=\"225\" height=\"300\" srcset=\"https:\/\/www.travelclub.cz\/wp-content\/uploads\/2016\/12\/IMG_3875-225x300.jpg 225w, https:\/\/www.travelclub.cz\/wp-content\/uploads\/2016\/12\/IMG_3875-768x1024.jpg 768w\" sizes=\"auto, (max-width: 225px) 100vw, 225px\" \/><\/a><a href=\"https:\/\/www.travelclub.cz\/wp-content\/uploads\/2016\/12\/IMG_3447.jpg\"><img loading=\"lazy\" decoding=\"async\" class=\"size-medium wp-image-106 aligncenter\" src=\"https:\/\/www.travelclub.cz\/wp-content\/uploads\/2016\/12\/IMG_3447-300x200.jpg\" alt=\"\" width=\"300\" height=\"200\" srcset=\"https:\/\/www.travelclub.cz\/wp-content\/uploads\/2016\/12\/IMG_3447-300x200.jpg 300w, https:\/\/www.travelclub.cz\/wp-content\/uploads\/2016\/12\/IMG_3447-768x512.jpg 768w, https:\/\/www.travelclub.cz\/wp-content\/uploads\/2016\/12\/IMG_3447-1024x683.jpg 1024w\" sizes=\"auto, (max-width: 300px) 100vw, 300px\" \/><\/a><a href=\"https:\/\/www.travelclub.cz\/wp-content\/uploads\/2016\/12\/IMG_3473.jpg\"><img loading=\"lazy\" decoding=\"async\" class=\"size-medium wp-image-107 alignleft\" src=\"https:\/\/www.travelclub.cz\/wp-content\/uploads\/2016\/12\/IMG_3473-300x200.jpg\" alt=\"\" width=\"300\" height=\"200\" srcset=\"https:\/\/www.travelclub.cz\/wp-content\/uploads\/2016\/12\/IMG_3473-300x200.jpg 300w, https:\/\/www.travelclub.cz\/wp-content\/uploads\/2016\/12\/IMG_3473-768x512.jpg 768w, https:\/\/www.travelclub.cz\/wp-content\/uploads\/2016\/12\/IMG_3473-1024x683.jpg 1024w\" sizes=\"auto, (max-width: 300px) 100vw, 300px\" \/><\/a><a href=\"https:\/\/www.travelclub.cz\/wp-content\/uploads\/2016\/12\/IMG_3480.jpg\"><img loading=\"lazy\" decoding=\"async\" class=\"size-medium wp-image-108 aligncenter\" src=\"https:\/\/www.travelclub.cz\/wp-content\/uploads\/2016\/12\/IMG_3480-200x300.jpg\" alt=\"\" width=\"200\" height=\"300\" srcset=\"https:\/\/www.travelclub.cz\/wp-content\/uploads\/2016\/12\/IMG_3480-200x300.jpg 200w, https:\/\/www.travelclub.cz\/wp-content\/uploads\/2016\/12\/IMG_3480-768x1152.jpg 768w, https:\/\/www.travelclub.cz\/wp-content\/uploads\/2016\/12\/IMG_3480-683x1024.jpg 683w\" sizes=\"auto, (max-width: 200px) 100vw, 200px\" \/><\/a>&nbsp;&nbsp;<a href=\"https:\/\/www.travelclub.cz\/wp-content\/uploads\/2016\/12\/IMG_3499.jpg\"><img loading=\"lazy\" decoding=\"async\" class=\"size-medium wp-image-109 alignnone\" src=\"https:\/\/www.travelclub.cz\/wp-content\/uploads\/2016\/12\/IMG_3499-300x200.jpg\" alt=\"\" width=\"300\" height=\"200\" srcset=\"https:\/\/www.travelclub.cz\/wp-content\/uploads\/2016\/12\/IMG_3499-300x200.jpg 300w, https:\/\/www.travelclub.cz\/wp-content\/uploads\/2016\/12\/IMG_3499-768x512.jpg 768w, https:\/\/www.travelclub.cz\/wp-content\/uploads\/2016\/12\/IMG_3499-1024x683.jpg 1024w\" sizes=\"auto, (max-width: 300px) 100vw, 300px\" \/><\/a>&nbsp;<a href=\"https:\/\/www.travelclub.cz\/wp-content\/uploads\/2016\/12\/IMG_3539.jpg\"><img loading=\"lazy\" decoding=\"async\" class=\"size-medium wp-image-110 aligncenter\" src=\"https:\/\/www.travelclub.cz\/wp-content\/uploads\/2016\/12\/IMG_3539-300x200.jpg\" alt=\"\" width=\"300\" height=\"200\" srcset=\"https:\/\/www.travelclub.cz\/wp-content\/uploads\/2016\/12\/IMG_3539-300x200.jpg 300w, https:\/\/www.travelclub.cz\/wp-content\/uploads\/2016\/12\/IMG_3539-768x512.jpg 768w, https:\/\/www.travelclub.cz\/wp-content\/uploads\/2016\/12\/IMG_3539-1024x683.jpg 1024w\" sizes=\"auto, (max-width: 300px) 100vw, 300px\" \/><\/a><a href=\"https:\/\/www.travelclub.cz\/wp-content\/uploads\/2016\/12\/IMG_3557.jpg\"><img loading=\"lazy\" decoding=\"async\" class=\"size-medium wp-image-111 alignleft\" src=\"https:\/\/www.travelclub.cz\/wp-content\/uploads\/2016\/12\/IMG_3557-300x200.jpg\" alt=\"\" width=\"300\" height=\"200\" srcset=\"https:\/\/www.travelclub.cz\/wp-content\/uploads\/2016\/12\/IMG_3557-300x200.jpg 300w, https:\/\/www.travelclub.cz\/wp-content\/uploads\/2016\/12\/IMG_3557-768x512.jpg 768w, https:\/\/www.travelclub.cz\/wp-content\/uploads\/2016\/12\/IMG_3557-1024x683.jpg 1024w\" sizes=\"auto, (max-width: 300px) 100vw, 300px\" \/><\/a><a href=\"https:\/\/www.travelclub.cz\/wp-content\/uploads\/2016\/12\/IMG_3602.jpg\"><img loading=\"lazy\" decoding=\"async\" class=\"size-medium wp-image-112 aligncenter\" src=\"https:\/\/www.travelclub.cz\/wp-content\/uploads\/2016\/12\/IMG_3602-300x200.jpg\" alt=\"\" width=\"300\" height=\"200\" srcset=\"https:\/\/www.travelclub.cz\/wp-content\/uploads\/2016\/12\/IMG_3602-300x200.jpg 300w, https:\/\/www.travelclub.cz\/wp-content\/uploads\/2016\/12\/IMG_3602-768x512.jpg 768w, https:\/\/www.travelclub.cz\/wp-content\/uploads\/2016\/12\/IMG_3602-1024x683.jpg 1024w\" sizes=\"auto, (max-width: 300px) 100vw, 300px\" \/><\/a><a href=\"https:\/\/www.travelclub.cz\/wp-content\/uploads\/2016\/12\/IMG_3637.jpg\"><img loading=\"lazy\" decoding=\"async\" class=\"size-medium wp-image-113 alignleft\" src=\"https:\/\/www.travelclub.cz\/wp-content\/uploads\/2016\/12\/IMG_3637-300x200.jpg\" alt=\"\" width=\"300\" height=\"200\" srcset=\"https:\/\/www.travelclub.cz\/wp-content\/uploads\/2016\/12\/IMG_3637-300x200.jpg 300w, https:\/\/www.travelclub.cz\/wp-content\/uploads\/2016\/12\/IMG_3637-768x512.jpg 768w, https:\/\/www.travelclub.cz\/wp-content\/uploads\/2016\/12\/IMG_3637-1024x683.jpg 1024w\" sizes=\"auto, (max-width: 300px) 100vw, 300px\" \/><\/a><a href=\"https:\/\/www.travelclub.cz\/wp-content\/uploads\/2016\/12\/IMG_3648.jpg\"><img loading=\"lazy\" decoding=\"async\" class=\"size-medium wp-image-114 alignright\" src=\"https:\/\/www.travelclub.cz\/wp-content\/uploads\/2016\/12\/IMG_3648-300x200.jpg\" alt=\"\" width=\"300\" height=\"200\" srcset=\"https:\/\/www.travelclub.cz\/wp-content\/uploads\/2016\/12\/IMG_3648-300x200.jpg 300w, https:\/\/www.travelclub.cz\/wp-content\/uploads\/2016\/12\/IMG_3648-768x512.jpg 768w, https:\/\/www.travelclub.cz\/wp-content\/uploads\/2016\/12\/IMG_3648-1024x683.jpg 1024w\" sizes=\"auto, (max-width: 300px) 100vw, 300px\" \/><\/a><a href=\"https:\/\/www.travelclub.cz\/wp-content\/uploads\/2016\/12\/IMG_3710.jpg\"><img loading=\"lazy\" decoding=\"async\" class=\"size-medium wp-image-115 alignleft\" src=\"https:\/\/www.travelclub.cz\/wp-content\/uploads\/2016\/12\/IMG_3710-300x200.jpg\" alt=\"\" width=\"300\" height=\"200\" srcset=\"https:\/\/www.travelclub.cz\/wp-content\/uploads\/2016\/12\/IMG_3710-300x200.jpg 300w, https:\/\/www.travelclub.cz\/wp-content\/uploads\/2016\/12\/IMG_3710-768x512.jpg 768w, https:\/\/www.travelclub.cz\/wp-content\/uploads\/2016\/12\/IMG_3710-1024x683.jpg 1024w\" sizes=\"auto, (max-width: 300px) 100vw, 300px\" \/><\/a><a href=\"https:\/\/www.travelclub.cz\/wp-content\/uploads\/2016\/12\/IMG_3731.jpg\"><img loading=\"lazy\" decoding=\"async\" class=\"size-medium wp-image-116 aligncenter\" src=\"https:\/\/www.travelclub.cz\/wp-content\/uploads\/2016\/12\/IMG_3731-300x200.jpg\" alt=\"\" width=\"300\" height=\"200\" srcset=\"https:\/\/www.travelclub.cz\/wp-content\/uploads\/2016\/12\/IMG_3731-300x200.jpg 300w, https:\/\/www.travelclub.cz\/wp-content\/uploads\/2016\/12\/IMG_3731-768x512.jpg 768w, https:\/\/www.travelclub.cz\/wp-content\/uploads\/2016\/12\/IMG_3731-1024x683.jpg 1024w\" sizes=\"auto, (max-width: 300px) 100vw, 300px\" \/><\/a><\/p>\n","protected":false},"excerpt":{"rendered":"<p>Na p\u0159elomu kv\u011btna a \u010dervna jsme p\u0159ipravili pro na\u0161e st\u00e1l\u00e9 klienty, skupinu milovn\u00edk\u016f gastronomie a dobr\u00e9ho v\u00edna, osmidenn\u00ed z\u00e1jezd do Portugalska. Letecky do Porta, pronajat\u00fdm mikrobusem putov\u00e1n\u00ed po Portugalsku, zp\u011bt letecky do Prahy. Ubytov\u00e1n\u00ed v komfortn\u00edch hotel\u00edch v centru Porta, Coimbry a Lisabonu.&nbsp;Tradi\u010dn\u00ed portugalsk\u00e1 kuchyn\u011b. Vinn\u00e9 sklepy s portsk\u00fdm v\u00ednem v Portu, vina\u0159stv\u00ed Quinta do &hellip; <a href=\"https:\/\/www.travelclub.cz\/?page_id=99\" class=\"more-link\">Pokra\u010dov\u00e1n\u00ed textu <span class=\"screen-reader-text\">PORTUGALSKO 27.5. &#8211; 3.6.2016<\/span> <span class=\"meta-nav\">&rarr;<\/span><\/a><\/p>\n","protected":false},"author":1,"featured_media":0,"parent":0,"menu_order":3,"comment_status":"closed","ping_status":"closed","template":"","meta":{"ngg_post_thumbnail":0,"footnotes":""},"class_list":["post-99","page","type-page","status-publish","hentry"],"_links":{"self":[{"href":"https:\/\/www.travelclub.cz\/index.php?rest_route=\/wp\/v2\/pages\/99","targetHints":{"allow":["GET"]}}],"collection":[{"href":"https:\/\/www.travelclub.cz\/index.php?rest_route=\/wp\/v2\/pages"}],"about":[{"href":"https:\/\/www.travelclub.cz\/index.php?rest_route=\/wp\/v2\/types\/page"}],"author":[{"embeddable":true,"href":"https:\/\/www.travelclub.cz\/index.php?rest_route=\/wp\/v2\/users\/1"}],"replies":[{"embeddable":true,"href":"https:\/\/www.travelclub.cz\/index.php?rest_route=%2Fwp%2Fv2%2Fcomments&post=99"}],"version-history":[{"count":6,"href":"https:\/\/www.travelclub.cz\/index.php?rest_route=\/wp\/v2\/pages\/99\/revisions"}],"predecessor-version":[{"id":748,"href":"https:\/\/www.travelclub.cz\/index.php?rest_route=\/wp\/v2\/pages\/99\/revisions\/748"}],"wp:attachment":[{"href":"https:\/\/www.travelclub.cz\/index.php?rest_route=%2Fwp%2Fv2%2Fmedia&parent=99"}],"curies":[{"name":"wp","href":"https:\/\/api.w.org\/{rel}","templated":true}]}}