{"id":90,"date":"2016-01-10T15:02:48","date_gmt":"2016-01-10T14:02:48","guid":{"rendered":"http:\/\/www.travelclub.cz\/?page_id=90"},"modified":"2023-09-11T15:58:24","modified_gmt":"2023-09-11T13:58:24","slug":"pripravujeme-portugalsko","status":"publish","type":"page","link":"https:\/\/www.travelclub.cz\/?page_id=90","title":{"rendered":"&#8222;Cesty pointilismu,&#8220; Albertina, V\u00edde\u0148 leden 2017"},"content":{"rendered":"<p><a href=\"https:\/\/www.travelclub.cz\/wp-content\/uploads\/2016\/01\/Signac_Antibes_le_soir__Mus\u00e9e_dart_moderne_et_contemporain_de_Strasbourg_.jpg\"><img loading=\"lazy\" decoding=\"async\" class=\"alignnone wp-image-103 \" src=\"https:\/\/www.travelclub.cz\/wp-content\/uploads\/2016\/01\/Signac_Antibes_le_soir__Mus\u00e9e_dart_moderne_et_contemporain_de_Strasbourg_-300x240.jpg\" width=\"233\" height=\"186\" srcset=\"https:\/\/www.travelclub.cz\/wp-content\/uploads\/2016\/01\/Signac_Antibes_le_soir__Mus\u00e9e_dart_moderne_et_contemporain_de_Strasbourg_-300x240.jpg 300w, https:\/\/www.travelclub.cz\/wp-content\/uploads\/2016\/01\/Signac_Antibes_le_soir__Mus\u00e9e_dart_moderne_et_contemporain_de_Strasbourg_-768x614.jpg 768w, https:\/\/www.travelclub.cz\/wp-content\/uploads\/2016\/01\/Signac_Antibes_le_soir__Mus\u00e9e_dart_moderne_et_contemporain_de_Strasbourg_.jpg 800w\" sizes=\"auto, (max-width: 233px) 100vw, 233px\" \/><\/a><\/p>\n<p>Pro uzav\u0159enou skupinu milovn\u00edk\u016f um\u011bn\u00ed jsme p\u0159ipravili t\u00e9matick\u00fd z\u00e1jezd na v\u00fdstavu &#8222;Seurat, Signac, van Gogh &#8211; Ways of pointillism&#8220; do v\u00edde\u0148sk\u00e9 Albertiny.<br \/>\nPraha &#8211; V\u00edde\u0148 a zp\u011bt pohodln\u011b Railjet &#8222;Johann Strauss,&#8220; komfortn\u00ed hotel, skv\u011bl\u00e1 v\u00edde\u0148sk\u00e1 gastronomie ve vybran\u00fdch restaurac\u00edch a kav\u00e1rn\u00e1ch.<\/p>\n<p>Velk\u00fd \u00fasp\u011bch, \u00fa\u010dastn\u00edci velmi spokojeni.<\/p>\n<h3>&nbsp;<\/h3>\n<p>&nbsp;<\/p>\n","protected":false},"excerpt":{"rendered":"<p>Pro uzav\u0159enou skupinu milovn\u00edk\u016f um\u011bn\u00ed jsme p\u0159ipravili t\u00e9matick\u00fd z\u00e1jezd na v\u00fdstavu &#8222;Seurat, Signac, van Gogh &#8211; Ways of pointillism&#8220; do v\u00edde\u0148sk\u00e9 Albertiny. Praha &#8211; V\u00edde\u0148 a zp\u011bt pohodln\u011b Railjet &#8222;Johann Strauss,&#8220; komfortn\u00ed hotel, skv\u011bl\u00e1 v\u00edde\u0148sk\u00e1 gastronomie ve vybran\u00fdch restaurac\u00edch a kav\u00e1rn\u00e1ch. Velk\u00fd \u00fasp\u011bch, \u00fa\u010dastn\u00edci velmi spokojeni. &nbsp; &nbsp;<\/p>\n","protected":false},"author":1,"featured_media":0,"parent":0,"menu_order":3,"comment_status":"closed","ping_status":"closed","template":"","meta":{"ngg_post_thumbnail":0,"footnotes":""},"class_list":["post-90","page","type-page","status-publish","hentry"],"_links":{"self":[{"href":"https:\/\/www.travelclub.cz\/index.php?rest_route=\/wp\/v2\/pages\/90","targetHints":{"allow":["GET"]}}],"collection":[{"href":"https:\/\/www.travelclub.cz\/index.php?rest_route=\/wp\/v2\/pages"}],"about":[{"href":"https:\/\/www.travelclub.cz\/index.php?rest_route=\/wp\/v2\/types\/page"}],"author":[{"embeddable":true,"href":"https:\/\/www.travelclub.cz\/index.php?rest_route=\/wp\/v2\/users\/1"}],"replies":[{"embeddable":true,"href":"https:\/\/www.travelclub.cz\/index.php?rest_route=%2Fwp%2Fv2%2Fcomments&post=90"}],"version-history":[{"count":9,"href":"https:\/\/www.travelclub.cz\/index.php?rest_route=\/wp\/v2\/pages\/90\/revisions"}],"predecessor-version":[{"id":724,"href":"https:\/\/www.travelclub.cz\/index.php?rest_route=\/wp\/v2\/pages\/90\/revisions\/724"}],"wp:attachment":[{"href":"https:\/\/www.travelclub.cz\/index.php?rest_route=%2Fwp%2Fv2%2Fmedia&parent=90"}],"curies":[{"name":"wp","href":"https:\/\/api.w.org\/{rel}","templated":true}]}}