{"id":717,"date":"2023-09-11T15:28:42","date_gmt":"2023-09-11T13:28:42","guid":{"rendered":"https:\/\/www.travelclub.cz\/?page_id=717"},"modified":"2024-02-07T17:46:54","modified_gmt":"2024-02-07T16:46:54","slug":"italie-2023-elba-verona","status":"publish","type":"page","link":"https:\/\/www.travelclub.cz\/?page_id=717","title":{"rendered":"IT\u00c1LIE 2023 &#8211; ELBA, VERONA"},"content":{"rendered":"\n<p>V \u010dervenci leto\u0161n\u00edho roku jsme zajistili dal\u0161\u00ed vina\u0159sko-gastronomickou cestu pro jednu ze skupin na\u0161ich v\u011brn\u00fdch klient\u016f.<\/p>\n<p>Tentokr\u00e1t jsme zam\u00ed\u0159ili op\u011bt do It\u00e1lie, na ostrov ELBA. T\u00fdden v komfortn\u00edm hotelu prob\u011bhl ke spokojenosti v\u0161ech \u00fa\u010dastn\u00edk\u016f. \u0158ada v\u00fdlet\u016f po kr\u00e1sn\u00fdch z\u00e1kout\u00edch ostrova a n\u00e1v\u0161t\u011bva m\u00edstn\u00edch vina\u0159stv\u00ed s ochutn\u00e1vkou v\u00fdborn\u00e9ho v\u00edna (Elba Aleatico Passito DOCG, Suvereto DOCG, Val di Cornia DOCG a mnoho dal\u0161\u00edch&#8230;).<\/p>\n<p>Leto\u0161n\u00ed italsk\u00fd v\u00fdlet byl zakon\u010den opravdovou lah\u016fdkou &#8211; t\u0159\u00eddenn\u00edm pobytem ve slavn\u00e9 Veron\u011b. N\u00e1v\u0161t\u011bva tohoto n\u00e1dhern\u00e9ho m\u011bsta vyvrcholila neopakovateln\u00fdm z\u00e1\u017eitkem &#8211; Verdiho NABUCCO ve slavn\u00e9 Arena di Verona&#8230;.<\/p>\n<figure id=\"attachment_709\" aria-describedby=\"caption-attachment-709\" style=\"width: 300px\" class=\"wp-caption alignnone\"><a href=\"https:\/\/www.travelclub.cz\/wp-content\/uploads\/2023\/09\/Nocni-trajekt-scaled.jpg\"><img loading=\"lazy\" decoding=\"async\" class=\"wp-image-709 size-medium\" src=\"https:\/\/www.travelclub.cz\/wp-content\/uploads\/2023\/09\/Nocni-trajekt-300x189.jpg\" alt=\"\" width=\"300\" height=\"189\" srcset=\"https:\/\/www.travelclub.cz\/wp-content\/uploads\/2023\/09\/Nocni-trajekt-300x189.jpg 300w, https:\/\/www.travelclub.cz\/wp-content\/uploads\/2023\/09\/Nocni-trajekt-1024x646.jpg 1024w, https:\/\/www.travelclub.cz\/wp-content\/uploads\/2023\/09\/Nocni-trajekt-768x485.jpg 768w, https:\/\/www.travelclub.cz\/wp-content\/uploads\/2023\/09\/Nocni-trajekt-1536x969.jpg 1536w, https:\/\/www.travelclub.cz\/wp-content\/uploads\/2023\/09\/Nocni-trajekt-2048x1293.jpg 2048w\" sizes=\"auto, (max-width: 300px) 100vw, 300px\" \/><\/a><figcaption id=\"caption-attachment-709\" class=\"wp-caption-text\">No\u010dn\u00ed trajekt<\/figcaption><\/figure>\n<figure id=\"attachment_712\" aria-describedby=\"caption-attachment-712\" style=\"width: 300px\" class=\"wp-caption alignnone\"><a href=\"https:\/\/www.travelclub.cz\/wp-content\/uploads\/2023\/09\/Verona-Castel-San-Pietro-scaled.jpg\"><img loading=\"lazy\" decoding=\"async\" class=\"size-medium wp-image-712\" src=\"https:\/\/www.travelclub.cz\/wp-content\/uploads\/2023\/09\/Verona-Castel-San-Pietro-300x225.jpg\" alt=\"\" width=\"300\" height=\"225\" srcset=\"https:\/\/www.travelclub.cz\/wp-content\/uploads\/2023\/09\/Verona-Castel-San-Pietro-300x225.jpg 300w, https:\/\/www.travelclub.cz\/wp-content\/uploads\/2023\/09\/Verona-Castel-San-Pietro-1024x768.jpg 1024w, https:\/\/www.travelclub.cz\/wp-content\/uploads\/2023\/09\/Verona-Castel-San-Pietro-768x576.jpg 768w, https:\/\/www.travelclub.cz\/wp-content\/uploads\/2023\/09\/Verona-Castel-San-Pietro-1536x1152.jpg 1536w, https:\/\/www.travelclub.cz\/wp-content\/uploads\/2023\/09\/Verona-Castel-San-Pietro-2048x1536.jpg 2048w\" sizes=\"auto, (max-width: 300px) 100vw, 300px\" \/><\/a><figcaption id=\"caption-attachment-712\" class=\"wp-caption-text\">Verona Castel San Pietro<\/figcaption><\/figure>\n<figure id=\"attachment_711\" aria-describedby=\"caption-attachment-711\" style=\"width: 225px\" class=\"wp-caption alignnone\"><a href=\"https:\/\/www.travelclub.cz\/wp-content\/uploads\/2023\/09\/Verona-katedrala-Santa-Maria-Matricolare-scaled.jpg\"><img loading=\"lazy\" decoding=\"async\" class=\"size-medium wp-image-711\" src=\"https:\/\/www.travelclub.cz\/wp-content\/uploads\/2023\/09\/Verona-katedrala-Santa-Maria-Matricolare-225x300.jpg\" alt=\"\" width=\"225\" height=\"300\" srcset=\"https:\/\/www.travelclub.cz\/wp-content\/uploads\/2023\/09\/Verona-katedrala-Santa-Maria-Matricolare-225x300.jpg 225w, https:\/\/www.travelclub.cz\/wp-content\/uploads\/2023\/09\/Verona-katedrala-Santa-Maria-Matricolare-768x1024.jpg 768w, https:\/\/www.travelclub.cz\/wp-content\/uploads\/2023\/09\/Verona-katedrala-Santa-Maria-Matricolare-1152x1536.jpg 1152w, https:\/\/www.travelclub.cz\/wp-content\/uploads\/2023\/09\/Verona-katedrala-Santa-Maria-Matricolare-1536x2048.jpg 1536w, https:\/\/www.travelclub.cz\/wp-content\/uploads\/2023\/09\/Verona-katedrala-Santa-Maria-Matricolare-scaled.jpg 1920w\" sizes=\"auto, (max-width: 225px) 100vw, 225px\" \/><\/a><figcaption id=\"caption-attachment-711\" class=\"wp-caption-text\">Verona &#8211; katedr\u00e1la Santa Maria Matricolare<\/figcaption><\/figure>\n<figure id=\"attachment_708\" aria-describedby=\"caption-attachment-708\" style=\"width: 244px\" class=\"wp-caption alignnone\"><a href=\"https:\/\/www.travelclub.cz\/wp-content\/uploads\/2023\/09\/jedno-z-mnoha-scaled.jpg\"><img loading=\"lazy\" decoding=\"async\" class=\"size-medium wp-image-708\" src=\"https:\/\/www.travelclub.cz\/wp-content\/uploads\/2023\/09\/jedno-z-mnoha-244x300.jpg\" alt=\"\" width=\"244\" height=\"300\" srcset=\"https:\/\/www.travelclub.cz\/wp-content\/uploads\/2023\/09\/jedno-z-mnoha-244x300.jpg 244w, https:\/\/www.travelclub.cz\/wp-content\/uploads\/2023\/09\/jedno-z-mnoha-834x1024.jpg 834w, https:\/\/www.travelclub.cz\/wp-content\/uploads\/2023\/09\/jedno-z-mnoha-768x943.jpg 768w, https:\/\/www.travelclub.cz\/wp-content\/uploads\/2023\/09\/jedno-z-mnoha-1250x1536.jpg 1250w, https:\/\/www.travelclub.cz\/wp-content\/uploads\/2023\/09\/jedno-z-mnoha-1667x2048.jpg 1667w\" sizes=\"auto, (max-width: 244px) 100vw, 244px\" \/><\/a><figcaption id=\"caption-attachment-708\" class=\"wp-caption-text\">jedno z mnoha&#8230;<\/figcaption><\/figure>\n\n\n\n\n","protected":false},"excerpt":{"rendered":"<p>V \u010dervenci leto\u0161n\u00edho roku jsme zajistili dal\u0161\u00ed vina\u0159sko-gastronomickou cestu pro jednu ze skupin na\u0161ich v\u011brn\u00fdch klient\u016f. Tentokr\u00e1t jsme zam\u00ed\u0159ili op\u011bt do It\u00e1lie, na ostrov ELBA. T\u00fdden v komfortn\u00edm hotelu prob\u011bhl ke spokojenosti v\u0161ech \u00fa\u010dastn\u00edk\u016f. \u0158ada v\u00fdlet\u016f po kr\u00e1sn\u00fdch z\u00e1kout\u00edch ostrova a n\u00e1v\u0161t\u011bva m\u00edstn\u00edch vina\u0159stv\u00ed s ochutn\u00e1vkou v\u00fdborn\u00e9ho v\u00edna (Elba Aleatico Passito DOCG, Suvereto DOCG, Val &hellip; <a href=\"https:\/\/www.travelclub.cz\/?page_id=717\" class=\"more-link\">Pokra\u010dov\u00e1n\u00ed textu <span class=\"screen-reader-text\">IT\u00c1LIE 2023 &#8211; ELBA, VERONA<\/span> <span class=\"meta-nav\">&rarr;<\/span><\/a><\/p>\n","protected":false},"author":1,"featured_media":0,"parent":0,"menu_order":0,"comment_status":"closed","ping_status":"closed","template":"","meta":{"ngg_post_thumbnail":0,"footnotes":""},"class_list":["post-717","page","type-page","status-publish","hentry"],"_links":{"self":[{"href":"https:\/\/www.travelclub.cz\/index.php?rest_route=\/wp\/v2\/pages\/717","targetHints":{"allow":["GET"]}}],"collection":[{"href":"https:\/\/www.travelclub.cz\/index.php?rest_route=\/wp\/v2\/pages"}],"about":[{"href":"https:\/\/www.travelclub.cz\/index.php?rest_route=\/wp\/v2\/types\/page"}],"author":[{"embeddable":true,"href":"https:\/\/www.travelclub.cz\/index.php?rest_route=\/wp\/v2\/users\/1"}],"replies":[{"embeddable":true,"href":"https:\/\/www.travelclub.cz\/index.php?rest_route=%2Fwp%2Fv2%2Fcomments&post=717"}],"version-history":[{"count":3,"href":"https:\/\/www.travelclub.cz\/index.php?rest_route=\/wp\/v2\/pages\/717\/revisions"}],"predecessor-version":[{"id":742,"href":"https:\/\/www.travelclub.cz\/index.php?rest_route=\/wp\/v2\/pages\/717\/revisions\/742"}],"wp:attachment":[{"href":"https:\/\/www.travelclub.cz\/index.php?rest_route=%2Fwp%2Fv2%2Fmedia&parent=717"}],"curies":[{"name":"wp","href":"https:\/\/api.w.org\/{rel}","templated":true}]}}