{"id":260,"date":"2019-01-05T17:24:48","date_gmt":"2019-01-05T16:24:48","guid":{"rendered":"http:\/\/www.travelclub.cz\/?page_id=260"},"modified":"2024-02-07T18:16:37","modified_gmt":"2024-02-07T17:16:37","slug":"alsasko-27-8-3-9-2018","status":"publish","type":"page","link":"https:\/\/www.travelclub.cz\/?page_id=260","title":{"rendered":"ALSASKO 27.8. &#8211; 3.9.2018"},"content":{"rendered":"<p>Vyda\u0159en\u00fd z\u00e1jezd pro na\u0161e st\u00e1l\u00e9 klienty, op\u011bt do Francie. Tentokr\u00e1t jsme nav\u0161t\u00edvili Alsasko.<\/p>\n<p>Komfortn\u00ed hotely, pohodln\u00fd minibus. Skv\u011bl\u00e1 gastronomie a p\u0159edev\u0161\u00edm vynikaj\u00edc\u00ed v\u00edno ze zdej\u0161\u00edch vinic.<\/p>\nngg_shortcode_0_placeholder\n","protected":false},"excerpt":{"rendered":"<p>Vyda\u0159en\u00fd z\u00e1jezd pro na\u0161e st\u00e1l\u00e9 klienty, op\u011bt do Francie. Tentokr\u00e1t jsme nav\u0161t\u00edvili Alsasko. Komfortn\u00ed hotely, pohodln\u00fd minibus. Skv\u011bl\u00e1 gastronomie a p\u0159edev\u0161\u00edm vynikaj\u00edc\u00ed v\u00edno ze zdej\u0161\u00edch vinic.<\/p>\n","protected":false},"author":1,"featured_media":0,"parent":0,"menu_order":2,"comment_status":"closed","ping_status":"closed","template":"","meta":{"ngg_post_thumbnail":0,"footnotes":""},"class_list":["post-260","page","type-page","status-publish","hentry"],"_links":{"self":[{"href":"https:\/\/www.travelclub.cz\/index.php?rest_route=\/wp\/v2\/pages\/260","targetHints":{"allow":["GET"]}}],"collection":[{"href":"https:\/\/www.travelclub.cz\/index.php?rest_route=\/wp\/v2\/pages"}],"about":[{"href":"https:\/\/www.travelclub.cz\/index.php?rest_route=\/wp\/v2\/types\/page"}],"author":[{"embeddable":true,"href":"https:\/\/www.travelclub.cz\/index.php?rest_route=\/wp\/v2\/users\/1"}],"replies":[{"embeddable":true,"href":"https:\/\/www.travelclub.cz\/index.php?rest_route=%2Fwp%2Fv2%2Fcomments&post=260"}],"version-history":[{"count":13,"href":"https:\/\/www.travelclub.cz\/index.php?rest_route=\/wp\/v2\/pages\/260\/revisions"}],"predecessor-version":[{"id":747,"href":"https:\/\/www.travelclub.cz\/index.php?rest_route=\/wp\/v2\/pages\/260\/revisions\/747"}],"wp:attachment":[{"href":"https:\/\/www.travelclub.cz\/index.php?rest_route=%2Fwp%2Fv2%2Fmedia&parent=260"}],"curies":[{"name":"wp","href":"https:\/\/api.w.org\/{rel}","templated":true}]}}