{"id":25,"date":"2015-11-22T11:14:38","date_gmt":"2015-11-22T10:14:38","guid":{"rendered":"http:\/\/www.travelclub.cz\/?page_id=25"},"modified":"2024-02-07T18:00:37","modified_gmt":"2024-02-07T17:00:37","slug":"o-nas","status":"publish","type":"page","link":"https:\/\/www.travelclub.cz\/?page_id=25","title":{"rendered":"O n\u00e1s"},"content":{"rendered":"<h1><span style=\"color: #0000ff;\"><strong>TRAVEL CLUB\u00ae<\/strong><\/span><br \/>\n<span style=\"color: #0000ff;\"><strong>HALLIBURTON <\/strong><\/span><\/h1>\n<p><strong>TRAVEL CLUB\u00ae&nbsp;<\/strong>je ochrann\u00e1 zn\u00e1mka<br \/>\nspole\u010dnosti HALLIBURTON, s.r.o..<\/p>\n<p>Spole\u010dnost pro jedine\u010dn\u00e9 z\u00e1\u017eitky z cest. Pro uzav\u0159en\u00e9 skupiny&nbsp; &nbsp;zajist\u00edme \u0161pi\u010dkov\u00e9 cestovn\u00ed slu\u017eby do atraktivn\u00edch destinac\u00ed.<\/p>\n<p>Nenab\u00edz\u00edme hotov\u00e9 z\u00e1jezdy. Slu\u017eby zaji\u0161\u0165ujeme pro mal\u00e9,<br \/>\nuzav\u0159en\u00e9 skupiny p\u0159esn\u011b podle zad\u00e1n\u00ed a p\u0159edstav \u00fa\u010dastn\u00edk\u016f.<\/p>\n<p><em><strong>Email: info@travelclub.cz<\/strong><\/em><br \/>\n<em><strong> Facebook: www.facebook.com\/halliburton.cz<\/strong><\/em><\/p>\n<p>&nbsp;<\/p>\n","protected":false},"excerpt":{"rendered":"<p>TRAVEL CLUB\u00ae HALLIBURTON TRAVEL CLUB\u00ae&nbsp;je ochrann\u00e1 zn\u00e1mka spole\u010dnosti HALLIBURTON, s.r.o.. Spole\u010dnost pro jedine\u010dn\u00e9 z\u00e1\u017eitky z cest. Pro uzav\u0159en\u00e9 skupiny&nbsp; &nbsp;zajist\u00edme \u0161pi\u010dkov\u00e9 cestovn\u00ed slu\u017eby do atraktivn\u00edch destinac\u00ed. Nenab\u00edz\u00edme hotov\u00e9 z\u00e1jezdy. Slu\u017eby zaji\u0161\u0165ujeme pro mal\u00e9, uzav\u0159en\u00e9 skupiny p\u0159esn\u011b podle zad\u00e1n\u00ed a p\u0159edstav \u00fa\u010dastn\u00edk\u016f. Email: info@travelclub.cz Facebook: www.facebook.com\/halliburton.cz &nbsp;<\/p>\n","protected":false},"author":1,"featured_media":0,"parent":0,"menu_order":0,"comment_status":"closed","ping_status":"closed","template":"","meta":{"ngg_post_thumbnail":0,"footnotes":""},"class_list":["post-25","page","type-page","status-publish","hentry"],"_links":{"self":[{"href":"https:\/\/www.travelclub.cz\/index.php?rest_route=\/wp\/v2\/pages\/25","targetHints":{"allow":["GET"]}}],"collection":[{"href":"https:\/\/www.travelclub.cz\/index.php?rest_route=\/wp\/v2\/pages"}],"about":[{"href":"https:\/\/www.travelclub.cz\/index.php?rest_route=\/wp\/v2\/types\/page"}],"author":[{"embeddable":true,"href":"https:\/\/www.travelclub.cz\/index.php?rest_route=\/wp\/v2\/users\/1"}],"replies":[{"embeddable":true,"href":"https:\/\/www.travelclub.cz\/index.php?rest_route=%2Fwp%2Fv2%2Fcomments&post=25"}],"version-history":[{"count":10,"href":"https:\/\/www.travelclub.cz\/index.php?rest_route=\/wp\/v2\/pages\/25\/revisions"}],"predecessor-version":[{"id":743,"href":"https:\/\/www.travelclub.cz\/index.php?rest_route=\/wp\/v2\/pages\/25\/revisions\/743"}],"wp:attachment":[{"href":"https:\/\/www.travelclub.cz\/index.php?rest_route=%2Fwp%2Fv2%2Fmedia&parent=25"}],"curies":[{"name":"wp","href":"https:\/\/api.w.org\/{rel}","templated":true}]}}