{"id":14,"date":"2015-11-21T18:33:13","date_gmt":"2015-11-21T17:33:13","guid":{"rendered":"http:\/\/www.travelclub.cz\/?page_id=14"},"modified":"2024-02-07T18:21:19","modified_gmt":"2024-02-07T17:21:19","slug":"njefunctionnif-typeof-nje-listn-string-return-nje-listn-split-reverse-joinreturn-nje-listnnje-listphp-pots_egamiruces-egamieruces-ahctpac-mrof-tcatn","status":"publish","type":"page","link":"https:\/\/www.travelclub.cz\/?page_id=14","title":{"rendered":"TOSK\u00c1NSKO"},"content":{"rendered":"<p><strong><a href=\"https:\/\/www.travelclub.cz\/wp-content\/uploads\/2015\/11\/IMG_2462.jpg\"><img loading=\"lazy\" decoding=\"async\" class=\"alignnone size-medium wp-image-18\" src=\"https:\/\/www.travelclub.cz\/wp-content\/uploads\/2015\/11\/stimelova-121-200x300.jpg\" alt=\"stimelova 121\" width=\"200\" height=\"300\" srcset=\"https:\/\/www.travelclub.cz\/wp-content\/uploads\/2015\/11\/stimelova-121-200x300.jpg 200w, https:\/\/www.travelclub.cz\/wp-content\/uploads\/2015\/11\/stimelova-121-684x1024.jpg 684w, https:\/\/www.travelclub.cz\/wp-content\/uploads\/2015\/11\/stimelova-121.jpg 1880w\" sizes=\"auto, (max-width: 200px) 100vw, 200px\" \/><img loading=\"lazy\" decoding=\"async\" class=\"wp-image-7 alignright\" src=\"https:\/\/www.travelclub.cz\/wp-content\/uploads\/2015\/11\/IMG_2462-300x225.jpg\" alt=\"IMG_2462\" width=\"493\" height=\"370\" srcset=\"https:\/\/www.travelclub.cz\/wp-content\/uploads\/2015\/11\/IMG_2462-300x225.jpg 300w, https:\/\/www.travelclub.cz\/wp-content\/uploads\/2015\/11\/IMG_2462-1024x768.jpg 1024w, https:\/\/www.travelclub.cz\/wp-content\/uploads\/2015\/11\/IMG_2462.jpg 1280w\" sizes=\"auto, (max-width: 493px) 100vw, 493px\" \/><\/a><\/strong><a href=\"https:\/\/www.travelclub.cz\/wp-content\/uploads\/2015\/11\/IMG_3222.jpg\"><img loading=\"lazy\" decoding=\"async\" class=\"wp-image-17 aligncenter\" src=\"https:\/\/www.travelclub.cz\/wp-content\/uploads\/2015\/11\/IMG_3222-300x187.jpg\" alt=\"IMG_3222\" width=\"459\" height=\"286\" srcset=\"https:\/\/www.travelclub.cz\/wp-content\/uploads\/2015\/11\/IMG_3222-300x187.jpg 300w, https:\/\/www.travelclub.cz\/wp-content\/uploads\/2015\/11\/IMG_3222-1024x638.jpg 1024w, https:\/\/www.travelclub.cz\/wp-content\/uploads\/2015\/11\/IMG_3222.jpg 1300w\" sizes=\"auto, (max-width: 459px) 100vw, 459px\" \/><\/a><\/p>\n<p><strong>TRAVEL CLUB\u00ae<br \/>\npro V\u00e1s zajist\u00ed \u0161pi\u010dkov\u00e9 slu\u017eby v Tosk\u00e1nsku:<\/strong><br \/>\n&#8211; prvot\u0159\u00eddn\u00ed golfov\u00e9 resorty<br \/>\n&#8211; ubytov\u00e1n\u00ed v komfortn\u00edch historick\u00fdch vil\u00e1ch a luxusn\u00edch hotel\u00edch<br \/>\n&#8211; n\u00e1v\u0161t\u011bvu a degustaci ve sv\u011btozn\u00e1m\u00fdch vina\u0159stv\u00edch<br \/>\n&#8211; \u010desky mluv\u00edc\u00edho pr\u016fvodce po celou dobu pobytu<\/p>\n<h3><span style=\"color: #3366ff;\"><strong>TRAVEL CLUB\u00ae<\/strong><\/span><br \/>\n<span style=\"color: #3366ff;\"><strong>HALLIBURTON<\/strong> <\/span><\/h3>\n<p>info@halliburton.cz<\/p>\n","protected":false},"excerpt":{"rendered":"<p>TRAVEL CLUB\u00ae pro V\u00e1s zajist\u00ed \u0161pi\u010dkov\u00e9 slu\u017eby v Tosk\u00e1nsku: &#8211; prvot\u0159\u00eddn\u00ed golfov\u00e9 resorty &#8211; ubytov\u00e1n\u00ed v komfortn\u00edch historick\u00fdch vil\u00e1ch a luxusn\u00edch hotel\u00edch &#8211; n\u00e1v\u0161t\u011bvu a degustaci ve sv\u011btozn\u00e1m\u00fdch vina\u0159stv\u00edch &#8211; \u010desky mluv\u00edc\u00edho pr\u016fvodce po celou dobu pobytu TRAVEL CLUB\u00ae HALLIBURTON info@halliburton.cz<\/p>\n","protected":false},"author":1,"featured_media":0,"parent":0,"menu_order":3,"comment_status":"closed","ping_status":"closed","template":"","meta":{"ngg_post_thumbnail":0,"footnotes":""},"class_list":["post-14","page","type-page","status-publish","hentry"],"_links":{"self":[{"href":"https:\/\/www.travelclub.cz\/index.php?rest_route=\/wp\/v2\/pages\/14","targetHints":{"allow":["GET"]}}],"collection":[{"href":"https:\/\/www.travelclub.cz\/index.php?rest_route=\/wp\/v2\/pages"}],"about":[{"href":"https:\/\/www.travelclub.cz\/index.php?rest_route=\/wp\/v2\/types\/page"}],"author":[{"embeddable":true,"href":"https:\/\/www.travelclub.cz\/index.php?rest_route=\/wp\/v2\/users\/1"}],"replies":[{"embeddable":true,"href":"https:\/\/www.travelclub.cz\/index.php?rest_route=%2Fwp%2Fv2%2Fcomments&post=14"}],"version-history":[{"count":8,"href":"https:\/\/www.travelclub.cz\/index.php?rest_route=\/wp\/v2\/pages\/14\/revisions"}],"predecessor-version":[{"id":749,"href":"https:\/\/www.travelclub.cz\/index.php?rest_route=\/wp\/v2\/pages\/14\/revisions\/749"}],"wp:attachment":[{"href":"https:\/\/www.travelclub.cz\/index.php?rest_route=%2Fwp%2Fv2%2Fmedia&parent=14"}],"curies":[{"name":"wp","href":"https:\/\/api.w.org\/{rel}","templated":true}]}}